{"id":1569,"date":"2019-04-04T08:30:24","date_gmt":"2019-04-04T11:30:24","guid":{"rendered":"https:\/\/isfd19-bue.infd.edu.ar\/sitio\/?page_id=1569"},"modified":"2019-04-04T08:30:24","modified_gmt":"2019-04-04T11:30:24","slug":"atencion-ingresantes","status":"publish","type":"page","link":"https:\/\/isfd19-bue.infd.edu.ar\/sitio\/atencion-ingresantes\/","title":{"rendered":"Atenci\u00f3n Ingresantes"},"content":{"rendered":"<p>Para canalizar inquietudes sobre la correcci\u00f3n de las actividades integradoras, podr\u00e1n acercarse el d\u00eda viernes 5 de abril en el turno ma\u00f1ana (Prof. Ver\u00f3nica Guridi, Jefe de \u00c1rea del Profesorado de Educaci\u00f3n Inicial) o,\u00a0 a partir de las 19 hs. (Prof. Graciela Alza, Directora, o Prof. Mar\u00eda Laura Turcatti, Jefe de \u00c1rea del Prof. de Lengua y Literatura).<\/p>\n","protected":false},"excerpt":{"rendered":"<p>Para canalizar inquietudes sobre la correcci\u00f3n de las actividades integradoras, podr\u00e1n acercarse el d\u00eda viernes 5 de abril en el turno ma\u00f1ana (Prof. Ver\u00f3nica Guridi, Jefe de \u00c1rea del Profesorado de Educaci\u00f3n Inicial) o,\u00a0 a partir de las 19 hs. (Prof. Graciela Alza, Directora, o Prof. Mar\u00eda Laura Turcatti, Jefe de \u00c1rea del Prof. de &#8230; <a title=\"Atenci\u00f3n Ingresantes\" class=\"read-more\" href=\"https:\/\/isfd19-bue.infd.edu.ar\/sitio\/atencion-ingresantes\/\" aria-label=\"More on Atenci\u00f3n Ingresantes\">[+]<\/a><\/p>\n","protected":false},"author":7,"featured_media":0,"parent":0,"menu_order":0,"comment_status":"closed","ping_status":"closed","template":"","meta":[],"acf":[],"_links":{"self":[{"href":"https:\/\/isfd19-bue.infd.edu.ar\/sitio\/wp-json\/wp\/v2\/pages\/1569"}],"collection":[{"href":"https:\/\/isfd19-bue.infd.edu.ar\/sitio\/wp-json\/wp\/v2\/pages"}],"about":[{"href":"https:\/\/isfd19-bue.infd.edu.ar\/sitio\/wp-json\/wp\/v2\/types\/page"}],"author":[{"embeddable":true,"href":"https:\/\/isfd19-bue.infd.edu.ar\/sitio\/wp-json\/wp\/v2\/users\/7"}],"replies":[{"embeddable":true,"href":"https:\/\/isfd19-bue.infd.edu.ar\/sitio\/wp-json\/wp\/v2\/comments?post=1569"}],"version-history":[{"count":1,"href":"https:\/\/isfd19-bue.infd.edu.ar\/sitio\/wp-json\/wp\/v2\/pages\/1569\/revisions"}],"predecessor-version":[{"id":1570,"href":"https:\/\/isfd19-bue.infd.edu.ar\/sitio\/wp-json\/wp\/v2\/pages\/1569\/revisions\/1570"}],"wp:attachment":[{"href":"https:\/\/isfd19-bue.infd.edu.ar\/sitio\/wp-json\/wp\/v2\/media?parent=1569"}],"curies":[{"name":"wp","href":"https:\/\/api.w.org\/{rel}","templated":true}]}}